{"id":1212,"date":"2020-02-22T21:07:31","date_gmt":"2020-02-22T21:07:31","guid":{"rendered":"https:\/\/ouraki.com\/%d8%a7%d9%84%d8%b4%d8%b1%d9%88%d8%b7-%d8%a7%d9%84%d8%b9%d8%a7%d9%85%d8%a9-%d9%84%d9%84%d8%aa%d8%af%d8%ae%d9%84\/"},"modified":"2020-05-19T03:52:35","modified_gmt":"2020-05-19T02:52:35","slug":"terminos-generales-de-intervencion","status":"publish","type":"page","link":"https:\/\/ouraki.com\/es\/terminos-generales-de-intervencion\/","title":{"rendered":"T\u00c9RMINOS GENERALES DE INTERVENCI\u00d3N"},"content":{"rendered":"<p>[vc_row][vc_column][cms_heading text=\u00bbT\u00c9RMINOS GENERALES DE INTERVENCI\u00d3N\u00bb align_lg=\u00bbalign-center\u00bb align_md=\u00bbalign-center-md\u00bb align_sm=\u00bbalign-center-sm\u00bb align_xs=\u00bbalign-center-xs\u00bb font_size=\u00bb36&#8243; font_size_md=\u00bb36&#8243; font_size_sm=\u00bb36&#8243; font_size_xs=\u00bb30&#8243; font_weight=\u00bb\u00bb divider=\u00bbdivider1&#8243;][vc_row_inner css=\u00bb.vc_custom_1582408532631{padding-top: 15px !important;padding-bottom: 15px !important;}\u00bb][vc_column_inner width=\u00bb1\/2&#8243;][vc_column_text]<\/p>\n<h4 style=\"text-align: justify;\"><b>Obligaciones del Proveedor<\/b><\/h4>\n<p style=\"text-align: justify;\"><span style=\"font-weight: 400;\">El Proveedor tiene la experiencia, las competencias, los medios y la voluntad necesarios para la buena ejecuci\u00f3n de la Misi\u00f3n, y se compromete a:<\/span><\/p>\n<ul>\n<li style=\"font-weight: 400; text-align: justify;\"><span style=\"font-weight: 400;\">Cumplir de manera plena y completa con la Misi\u00f3n, con total respeto a todas las condiciones contractuales de este acuerdo.<\/span><\/li>\n<li style=\"font-weight: 400; text-align: justify;\"><span style=\"font-weight: 400;\">Destinar todos los recursos previstos, de conformidad con los t\u00e9rminos de este acuerdo, al buen cumplimiento de la Misi\u00f3n en cuesti\u00f3n.<\/span><\/li>\n<li style=\"font-weight: 400; text-align: justify;\"><span style=\"font-weight: 400;\">En caso de que uno de sus colaboradores no respete su compromiso, por cualquier motivo, se tomar\u00e1n las medidas necesarias, mediante solicitud escrita del cliente, para que no se interrumpa la ejecuci\u00f3n de la Misi\u00f3n.<\/span><\/li>\n<li style=\"font-weight: 400; text-align: justify;\"><span style=\"font-weight: 400;\">Cuidar la calidad de la intervenci\u00f3n, respetando las normas y los criterios establecidos para ello.<\/span><\/li>\n<li style=\"font-weight: 400; text-align: justify;\"><span style=\"font-weight: 400;\">Mantener al Cliente constantemente informado sobre la evoluci\u00f3n de la Misi\u00f3n, las dificultades encontradas, las soluciones aplicadas, los m\u00e9todos utilizados y los elementos que permiten garantizar la correcta ejecuci\u00f3n del servicio.<\/span><\/li>\n<li style=\"text-align: justify;\"><span style=\"font-weight: 400;\">Emitir, de manera constante, para el cliente informes sobre la evoluci\u00f3n de la Misi\u00f3n.<\/span><\/li>\n<\/ul>\n<p>[\/vc_column_text][vc_column_text]<\/p>\n<h4><b>Obligaciones del Cliente<\/b><\/h4>\n<p><span style=\"font-weight: 400;\">El Cliente se compromete a:<\/span><\/p>\n<ul>\n<li style=\"font-weight: 400;\"><span style=\"font-weight: 400;\">Poner a disposici\u00f3n del Proveedor, dentro de los plazos acordados, todos los documentos e informaci\u00f3n necesarios para la ejecuci\u00f3n de la Misi\u00f3n.<\/span><\/li>\n<li style=\"font-weight: 400;\"><span style=\"font-weight: 400;\">Llevar a cabo el trabajo que le corresponde de acuerdo con las caracter\u00edsticas de la Misi\u00f3n.<\/span><\/li>\n<li style=\"font-weight: 400;\"><span style=\"font-weight: 400;\">Informar al Proveedor de hechos importantes o excepcionales que puedan afectar a la Misi\u00f3n.<\/span><\/li>\n<li style=\"font-weight: 400;\"><span style=\"font-weight: 400;\">Pagar los honorarios, los costos y los desembolsos previstos.<\/span><\/li>\n<\/ul>\n<p>[\/vc_column_text][vc_column_text]<\/p>\n<h4><b>Honorarios &#8211; costos y desembolsos<\/b><\/h4>\n<p><span style=\"font-weight: 400;\">El Proveedor recibir\u00e1 del Cliente los\u00a0<\/span><span style=\"font-weight: 400;\">honorarios libremente acordados, que son\u00a0<\/span><span style=\"font-weight: 400;\">exclusivos de cualquier otra remuneraci\u00f3n, en las siguientes condiciones:<\/span><\/p>\n<ul>\n<li><span style=\"font-weight: 400;\">Se solicitar\u00e1 un adelanto en los honorarios y los desembolsos antes del inicio de cualquier misi\u00f3n.<\/span><\/li>\n<li><span style=\"font-weight: 400;\">En el caso de una misi\u00f3n con remuneraci\u00f3n basada en los resultados, el pago se efectuar\u00e1 conforme a las condiciones particulares del presente acuerdo.<\/span><\/li>\n<li><span style=\"font-weight: 400;\">Se reembolsan sus gastos (viaje, alojamiento, manutenci\u00f3n&#8230;) y sus desembolsos. <\/span><b>No se incurrir\u00e1 en ning\u00fan gasto sin el consentimiento previo y escrito del Cliente.<\/b><\/li>\n<li><\/li>\n<li><b><span style=\"font-weight: 400;\">En caso de impago de los honorarios, el Proveedor se beneficiar\u00e1 del derecho de retenci\u00f3n en las condiciones del derecho com\u00fan y de la posibilidad de suspender el trabajo realizado despu\u00e9s de haber informado al Cliente.<\/span><\/b><\/li>\n<li><\/li>\n<\/ul>\n<p>[\/vc_column_text][vc_column_text]<\/p>\n<h4><b>Derecho de seguimiento<\/b><\/h4>\n<p><span style=\"font-weight: 400;\">En el caso de una misi\u00f3n con remuneraci\u00f3n basada en los resultados y en el caso de que, en la fecha de vencimiento del presente acuerdo, las acciones asumidas por el Proveedor est\u00e9n a punto de concluir, este \u00faltimo seguir\u00e1 prestando asistencia al Cliente sobre la misma base, durante el per\u00edodo necesario para obtener el resultado.\u00a0<\/span><\/p>\n<p><span style=\"font-weight: 400;\">El pago previsto debe ser abonado, independientemente de si el Proveedor haya pedido o no al Cliente que le preste asistencia. Si no se obtiene ning\u00fan resultado en los dos a\u00f1os siguientes al vencimiento del presente acuerdo, no se deber\u00e1 ninguna remuneraci\u00f3n al Cliente.<\/span>[\/vc_column_text][vc_column_text]<\/p>\n<h4><b>Rescisi\u00f3n<\/b><\/h4>\n<p><span style=\"font-weight: 400;\">El incumplimiento de las obligaciones de cualquiera de las partes dar\u00e1 lugar, si le conviene al acreedor de la obligaci\u00f3n incumplida, a la rescisi\u00f3n autom\u00e1tica del presente acuerdo, 30 (treinta) d\u00edas despu\u00e9s de que la notificaci\u00f3n formal de cumplimiento por carta certificada con\u00a0<\/span><span style=\"font-weight: 400;\">acuse de recibo se haya quedado sin efecto, sin perjuicio de da\u00f1os e intereses.<\/span><\/p>\n<p><span style=\"font-weight: 400;\">El Cliente pagar\u00e1 al Proveedor por el trabajo realizado.<\/span>[\/vc_column_text][vc_column_text]<\/p>\n<h4><strong>Subcontrataci\u00f3n<\/strong><\/h4>\n<p><span style=\"font-weight: 400;\">Debido al car\u00e1cter multidisciplinario de ciertas misiones, el Proveedor est\u00e1 expresamente autorizado a utilizar la Subcontrataci\u00f3n.<\/span><\/p>\n<p><span style=\"font-weight: 400;\">En cualquier caso, el Proveedor deber\u00e1 asegurar la coordinaci\u00f3n entre los diversos Subcontratados que hayan sido previamente autorizados por el Cliente, con el fin de garantizar la correcta ejecuci\u00f3n de los servicios previstos en el presente acuerdo.<\/span>[\/vc_column_text][vc_column_text]<\/p>\n<h4><b>Fuerza mayor<\/b><\/h4>\n<p><span style=\"font-weight: 400;\">Se considera fuerza mayor todo conflicto declarado o no declarado, huelgas generales de trabajo, enfermedades epid\u00e9micas, cuarentenas, incendios, inundaciones, accidentes u otros acontecimientos fuera del control de ambas partes. Ninguna de las partes ser\u00e1 responsable de los retrasos debidos a eventos de fuerza mayor.<\/span><\/p>\n<p><span style=\"font-weight: 400;\">En caso de fuerza mayor, constatada por una de las partes, esta debe informar por escrito a la otra lo antes posible, que tendr\u00e1 diez d\u00edas para constatar los hechos en cuesti\u00f3n.<\/span><\/p>\n<p><span style=\"font-weight: 400;\">Los plazos de ejecuci\u00f3n de los servicios se aplazar\u00e1n autom\u00e1ticamente seg\u00fan la duraci\u00f3n de la fuerza mayor.<\/span>[\/vc_column_text][vc_column_text]<strong>Derecho aplicable &#8211; litigios<\/strong><\/p>\n<p><span style=\"font-weight: 400;\">Este contrato est\u00e1 sometido a la ley marroqu\u00ed. Todo litigio relativo a la interpretaci\u00f3n o ejecuci\u00f3n de este contrato que no pueda resolverse de forma amistosa entre las partes ser\u00e1 de la exclusiva competencia del Tribunal Mercantil de Rabat.<\/span>[\/vc_column_text][\/vc_column_inner][vc_column_inner width=\u00bb1\/2&#8243;][vc_column_text]<\/p>\n<h4 style=\"text-align: justify;\"><b>Tipo de las obligaciones &#8211; Responsabilidad del Proveedor<\/b><\/h4>\n<p style=\"text-align: justify;\"><span style=\"font-weight: 400;\">El Proveedor asume, en todos los casos, la responsabilidad de su labor en las siguientes condiciones:<\/span><\/p>\n<ul style=\"text-align: justify;\">\n<li style=\"font-weight: 400;\"><span style=\"font-weight: 400;\">El Proveedor estar\u00e1 vinculado al Cliente por una obligaci\u00f3n de medios. El Proveedor se compromete a hacer todo lo posible y a utilizar todos los medios de los que dispone, es decir, sus competencias, su experiencia y sus habilidades, con prudencia y diligencia, para lograr los objetivos deseados.<\/span><\/li>\n<li style=\"font-weight: 400;\"><span style=\"font-weight: 400;\">El presente acuerdo no constituye, en modo alguno, un compromiso de resultado, ya que el Proveedor no puede garantizar el \u00e9xito de la Misi\u00f3n bajo cualquier forma.<\/span><\/li>\n<li style=\"font-weight: 400;\"><span style=\"font-weight: 400;\">El Cliente debe tener su propio criterio sobre las soluciones y los t\u00e9rminos que se le propongan.<\/span><\/li>\n<\/ul>\n<ul>\n<li style=\"font-weight: 400; text-align: justify;\"><span style=\"font-weight: 400;\">Cualquier suceso que pueda tener consecuencias en t\u00e9rminos de responsabilidad debe ser notificado al Proveedor sin demora.<\/span><\/li>\n<li style=\"font-weight: 400; text-align: justify;\"><span style=\"font-weight: 400;\">Toda exigencia de indemnizaci\u00f3n por da\u00f1os y perjuicios solo puede efectuarse durante el per\u00edodo de prescripci\u00f3n legal. Dicha reclamaci\u00f3n debe ser presentada en un plazo de tres meses siguientes a la fecha en la que el Cliente haya tenido constancia de la existencia del siniestro.<\/span><\/li>\n<li style=\"font-weight: 400; text-align: justify;\"><span style=\"font-weight: 400;\">El Proveedor no se considera responsable de las consecuencias perjudiciales de las faltas cometidas por terceros que intervengan en nombre del Cliente, ni de los retrasos en la ejecuci\u00f3n cuando estos se produzcan por una comunicaci\u00f3n tard\u00eda de documentos o de informaci\u00f3n por parte del Cliente.<\/span><\/li>\n<li style=\"font-weight: 400; text-align: justify;\">De todos modos, en caso de que exista responsabilidad del Proveedor por cualquier motivo <b>la cantidad reclamada por el Cliente no podr\u00e1 exceder el monto de la remuneraci\u00f3n recibida por el Proveedor en relaci\u00f3n con la Misi\u00f3n que se le ha confiado en virtud del presente acuerdo.<\/b><\/li>\n<\/ul>\n<p>[\/vc_column_text][vc_column_text]<\/p>\n<h4><b>Exclusividad<\/b><\/h4>\n<p><span style=\"font-weight: 400;\">La misi\u00f3n concedida es <\/span><b>de car\u00e1cter no exclusivo<\/b><span style=\"font-weight: 400;\">; el Proveedor puede recurrir a la intervenci\u00f3n de cualquier otra entidad a la que desee confiar una misi\u00f3n similar. Sin embargo, para la buena realizaci\u00f3n de la Misi\u00f3n, el Proveedor se compromete a informar por adelantado\u00a0<\/span><span style=\"font-weight: 400;\">al Cliente de la identidad de las distintas entidades involucradas.<\/span><\/p>\n<p><span style=\"font-weight: 400;\">El Proveedor tiene la posibilidad de desistir de la Misi\u00f3n sin que el Cliente pueda reclamar indemnizaci\u00f3n alguna por cualquier perjuicio. <\/span>[\/vc_column_text][vc_column_text]<\/p>\n<h4><b>Duraci\u00f3n \u2013 rescisi\u00f3n<\/b><\/h4>\n<p><span style=\"font-weight: 400;\">El presente acuerdo se concede por un periodo inicial de un a\u00f1o a partir de su firma, renovable t\u00e1citamente por otros per\u00edodos de seis meses, especific\u00e1ndose que puede ser rescindido por cualquiera de las partes mediante carta certificada con acuse de recibo, con un preaviso de al menos un mes antes de la fecha de su t\u00e1cita renovaci\u00f3n.<\/span>[\/vc_column_text][vc_column_text]<\/p>\n<h4><b>Confidencialidad <\/b><\/h4>\n<p><span style=\"font-weight: 400;\">El Proveedor se compromete a mantener la m\u00e1xima discreci\u00f3n en el cumplimiento de su misi\u00f3n y a no revelar ninguna informaci\u00f3n a terceros a menos que el Cliente lo autorice, con la excepci\u00f3n de: I) los \u00f3rganos o las entidades que necesiten acceder a esa informaci\u00f3n para el cumplimiento de la Misi\u00f3n, II) los asesores a los que se desee consultar y que estar\u00edan sujetos a la misma obligaci\u00f3n de confidencialidad que el Proveedor.<\/span><\/p>\n<p><span style=\"font-weight: 400;\">El Proveedor tratar\u00e1 de manera estrictamente confidencial toda informaci\u00f3n o documento del que pueda tener conocimiento en relaci\u00f3n con el presente acuerdo.<\/span><\/p>\n<p><span style=\"font-weight: 400;\">Para la aplicaci\u00f3n de esta cl\u00e1usula, el Proveedor es responsable de sus colaboradores.<\/span><\/p>\n<p><span style=\"font-weight: 400;\">Sin embargo, no ser\u00e1 responsable de ninguna divulgaci\u00f3n si los elementos revelados eran de dominio p\u00fablico en la fecha de la divulgaci\u00f3n, o si ya ten\u00eda conocimiento de ellos antes de la fecha de la firma del presente acuerdo, o si los obtuvo mediante terceros y por medios leg\u00edtimos.<\/span>[\/vc_column_text][vc_column_text]<\/p>\n<h4><b>Cl\u00e1usula de Hardship<\/b><\/h4>\n<p><span style=\"font-weight: 400;\">Las partes reconocen que el presente acuerdo constituye una base equitativa y razonable para su cooperaci\u00f3n.<\/span><\/p>\n<p><span style=\"font-weight: 400;\">En caso de que los datos en los que se basa el presente acuerdo se modifiquen de manera que alguna de las partes se encuentre con dificultades graves e imprevisibles, se consultar\u00e1n entre s\u00ed y se mostrar\u00e1n mutuamente comprensivos, con el fin de realizar los ajustes que consideren necesarios para circunstancias no previstas en el momento de la celebraci\u00f3n del presente acuerdo, con el fin de restablecer las condiciones para un acuerdo equitativo.<\/span><\/p>\n<p><span style=\"font-weight: 400;\">La parte que considere que se cumplen las condiciones establecidas en el p\u00e1rrafo <em>supra<\/em> lo notificar\u00e1 a la otra por carta certificada con acuse de recibo, en la que se especificar\u00e1n la fecha y el origen del acontecimiento o acontecimientos que causaron el cambio que alega, cuantificando el monto de la p\u00e9rdida financiera actual o futura y realizando una propuesta de indemnizaci\u00f3n para remediar dicho cambio.\u00a0<\/span><\/p>\n<p><span style=\"font-weight: 400;\">Toda notificaci\u00f3n enviada con m\u00e1s de doce (12) d\u00edas posteriores al momento en que se produjo el hecho por la parte notificante no tendr\u00e1 efecto alguno.<\/span>[\/vc_column_text][vc_column_text]<\/p>\n<h4><b>Publicidad de la operaci\u00f3n<\/b><\/h4>\n<p><span style=\"font-weight: 400;\">Una vez realizadas las asignaciones, el Proveedor podr\u00e1, en particular a trav\u00e9s de la prensa, informar sobre la funci\u00f3n de su asesoramiento al Cliente, manteniendo al mismo tiempo una estricta y total confidencialidad sobre el contenido de la Misi\u00f3n.<\/span>[\/vc_column_text][\/vc_column_inner][\/vc_row_inner][\/vc_column][\/vc_row]<\/p>\n","protected":false},"excerpt":{"rendered":"<p>[vc_row][vc_column][cms_heading text=\u00bbT\u00c9RMINOS GENERALES DE INTERVENCI\u00d3N\u00bb align_lg=\u00bbalign-center\u00bb align_md=\u00bbalign-center-md\u00bb align_sm=\u00bbalign-center-sm\u00bb align_xs=\u00bbalign-center-xs\u00bb font_size=\u00bb36&#8243; font_size_md=\u00bb36&#8243; font_size_sm=\u00bb36&#8243; font_size_xs=\u00bb30&#8243; font_weight=\u00bb\u00bb divider=\u00bbdivider1&#8243;][vc_row_inner css=\u00bb.vc_custom_1582408532631{padding-top: 15px !important;padding-bottom: 15px !important;}\u00bb][vc_column_inner width=\u00bb1\/2&#8243;][vc_column_text] Obligaciones del Proveedor El Proveedor tiene la experiencia, las competencias, los medios y la voluntad necesarios para la buena ejecuci\u00f3n de la Misi\u00f3n, y se compromete a: Cumplir de manera plena y completa con [&hellip;]<\/p>\n","protected":false},"author":6,"featured_media":0,"parent":0,"menu_order":0,"comment_status":"closed","ping_status":"closed","template":"","meta":[],"yoast_head":"<!-- This site is optimized with the Yoast SEO plugin v20.4 - https:\/\/yoast.com\/wordpress\/plugins\/seo\/ -->\n<title>T\u00c9RMINOS GENERALES DE INTERVENCI\u00d3N - Ouraki<\/title>\n<meta name=\"robots\" content=\"index, follow, max-snippet:-1, max-image-preview:large, max-video-preview:-1\" \/>\n<link rel=\"canonical\" href=\"https:\/\/ouraki.com\/es\/terminos-generales-de-intervencion\/\" \/>\n<meta property=\"og:locale\" content=\"es_ES\" \/>\n<meta property=\"og:type\" content=\"article\" \/>\n<meta property=\"og:title\" content=\"T\u00c9RMINOS GENERALES DE INTERVENCI\u00d3N - Ouraki\" \/>\n<meta property=\"og:description\" content=\"[vc_row][vc_column][cms_heading text=\u00bbT\u00c9RMINOS GENERALES DE INTERVENCI\u00d3N\u00bb align_lg=\u00bbalign-center\u00bb align_md=\u00bbalign-center-md\u00bb align_sm=\u00bbalign-center-sm\u00bb align_xs=\u00bbalign-center-xs\u00bb font_size=\u00bb36&#8243; font_size_md=\u00bb36&#8243; font_size_sm=\u00bb36&#8243; font_size_xs=\u00bb30&#8243; font_weight=\u00bb\u00bb divider=\u00bbdivider1&#8243;][vc_row_inner css=\u00bb.vc_custom_1582408532631{padding-top: 15px !important;padding-bottom: 15px !important;}\u00bb][vc_column_inner width=\u00bb1\/2&#8243;][vc_column_text] Obligaciones del Proveedor El Proveedor tiene la experiencia, las competencias, los medios y la voluntad necesarios para la buena ejecuci\u00f3n de la Misi\u00f3n, y se compromete a: Cumplir de manera plena y completa con [&hellip;]\" \/>\n<meta property=\"og:url\" content=\"https:\/\/ouraki.com\/es\/terminos-generales-de-intervencion\/\" \/>\n<meta property=\"og:site_name\" content=\"Ouraki\" \/>\n<meta property=\"article:modified_time\" content=\"2020-05-19T02:52:35+00:00\" \/>\n<meta name=\"twitter:card\" content=\"summary_large_image\" \/>\n<meta name=\"twitter:label1\" content=\"Tiempo de lectura\" \/>\n\t<meta name=\"twitter:data1\" content=\"9 minutos\" \/>\n<script type=\"application\/ld+json\" class=\"yoast-schema-graph\">{\"@context\":\"https:\/\/schema.org\",\"@graph\":[{\"@type\":\"WebPage\",\"@id\":\"https:\/\/ouraki.com\/es\/terminos-generales-de-intervencion\/\",\"url\":\"https:\/\/ouraki.com\/es\/terminos-generales-de-intervencion\/\",\"name\":\"T\u00c9RMINOS GENERALES DE INTERVENCI\u00d3N - Ouraki\",\"isPartOf\":{\"@id\":\"https:\/\/ouraki.com\/es\/#website\"},\"datePublished\":\"2020-02-22T21:07:31+00:00\",\"dateModified\":\"2020-05-19T02:52:35+00:00\",\"breadcrumb\":{\"@id\":\"https:\/\/ouraki.com\/es\/terminos-generales-de-intervencion\/#breadcrumb\"},\"inLanguage\":\"es\",\"potentialAction\":[{\"@type\":\"ReadAction\",\"target\":[\"https:\/\/ouraki.com\/es\/terminos-generales-de-intervencion\/\"]}]},{\"@type\":\"BreadcrumbList\",\"@id\":\"https:\/\/ouraki.com\/es\/terminos-generales-de-intervencion\/#breadcrumb\",\"itemListElement\":[{\"@type\":\"ListItem\",\"position\":1,\"name\":\"Accueil\",\"item\":\"https:\/\/ouraki.com\/es\/accueil\/\"},{\"@type\":\"ListItem\",\"position\":2,\"name\":\"T\u00c9RMINOS GENERALES DE INTERVENCI\u00d3N\"}]},{\"@type\":\"WebSite\",\"@id\":\"https:\/\/ouraki.com\/es\/#website\",\"url\":\"https:\/\/ouraki.com\/es\/\",\"name\":\"Ouraki\",\"description\":\"Sus procedimientos administrativos en unos pocos clics!\",\"potentialAction\":[{\"@type\":\"SearchAction\",\"target\":{\"@type\":\"EntryPoint\",\"urlTemplate\":\"https:\/\/ouraki.com\/es\/?s={search_term_string}\"},\"query-input\":\"required name=search_term_string\"}],\"inLanguage\":\"es\"}]}<\/script>\n<!-- \/ Yoast SEO plugin. -->","yoast_head_json":{"title":"T\u00c9RMINOS GENERALES DE INTERVENCI\u00d3N - Ouraki","robots":{"index":"index","follow":"follow","max-snippet":"max-snippet:-1","max-image-preview":"max-image-preview:large","max-video-preview":"max-video-preview:-1"},"canonical":"https:\/\/ouraki.com\/es\/terminos-generales-de-intervencion\/","og_locale":"es_ES","og_type":"article","og_title":"T\u00c9RMINOS GENERALES DE INTERVENCI\u00d3N - Ouraki","og_description":"[vc_row][vc_column][cms_heading text=\u00bbT\u00c9RMINOS GENERALES DE INTERVENCI\u00d3N\u00bb align_lg=\u00bbalign-center\u00bb align_md=\u00bbalign-center-md\u00bb align_sm=\u00bbalign-center-sm\u00bb align_xs=\u00bbalign-center-xs\u00bb font_size=\u00bb36&#8243; font_size_md=\u00bb36&#8243; font_size_sm=\u00bb36&#8243; font_size_xs=\u00bb30&#8243; font_weight=\u00bb\u00bb divider=\u00bbdivider1&#8243;][vc_row_inner css=\u00bb.vc_custom_1582408532631{padding-top: 15px !important;padding-bottom: 15px !important;}\u00bb][vc_column_inner width=\u00bb1\/2&#8243;][vc_column_text] Obligaciones del Proveedor El Proveedor tiene la experiencia, las competencias, los medios y la voluntad necesarios para la buena ejecuci\u00f3n de la Misi\u00f3n, y se compromete a: Cumplir de manera plena y completa con [&hellip;]","og_url":"https:\/\/ouraki.com\/es\/terminos-generales-de-intervencion\/","og_site_name":"Ouraki","article_modified_time":"2020-05-19T02:52:35+00:00","twitter_card":"summary_large_image","twitter_misc":{"Tiempo de lectura":"9 minutos"},"schema":{"@context":"https:\/\/schema.org","@graph":[{"@type":"WebPage","@id":"https:\/\/ouraki.com\/es\/terminos-generales-de-intervencion\/","url":"https:\/\/ouraki.com\/es\/terminos-generales-de-intervencion\/","name":"T\u00c9RMINOS GENERALES DE INTERVENCI\u00d3N - Ouraki","isPartOf":{"@id":"https:\/\/ouraki.com\/es\/#website"},"datePublished":"2020-02-22T21:07:31+00:00","dateModified":"2020-05-19T02:52:35+00:00","breadcrumb":{"@id":"https:\/\/ouraki.com\/es\/terminos-generales-de-intervencion\/#breadcrumb"},"inLanguage":"es","potentialAction":[{"@type":"ReadAction","target":["https:\/\/ouraki.com\/es\/terminos-generales-de-intervencion\/"]}]},{"@type":"BreadcrumbList","@id":"https:\/\/ouraki.com\/es\/terminos-generales-de-intervencion\/#breadcrumb","itemListElement":[{"@type":"ListItem","position":1,"name":"Accueil","item":"https:\/\/ouraki.com\/es\/accueil\/"},{"@type":"ListItem","position":2,"name":"T\u00c9RMINOS GENERALES DE INTERVENCI\u00d3N"}]},{"@type":"WebSite","@id":"https:\/\/ouraki.com\/es\/#website","url":"https:\/\/ouraki.com\/es\/","name":"Ouraki","description":"Sus procedimientos administrativos en unos pocos clics!","potentialAction":[{"@type":"SearchAction","target":{"@type":"EntryPoint","urlTemplate":"https:\/\/ouraki.com\/es\/?s={search_term_string}"},"query-input":"required name=search_term_string"}],"inLanguage":"es"}]}},"_links":{"self":[{"href":"https:\/\/ouraki.com\/es\/wp-json\/wp\/v2\/pages\/1212"}],"collection":[{"href":"https:\/\/ouraki.com\/es\/wp-json\/wp\/v2\/pages"}],"about":[{"href":"https:\/\/ouraki.com\/es\/wp-json\/wp\/v2\/types\/page"}],"author":[{"embeddable":true,"href":"https:\/\/ouraki.com\/es\/wp-json\/wp\/v2\/users\/6"}],"replies":[{"embeddable":true,"href":"https:\/\/ouraki.com\/es\/wp-json\/wp\/v2\/comments?post=1212"}],"version-history":[{"count":0,"href":"https:\/\/ouraki.com\/es\/wp-json\/wp\/v2\/pages\/1212\/revisions"}],"wp:attachment":[{"href":"https:\/\/ouraki.com\/es\/wp-json\/wp\/v2\/media?parent=1212"}],"curies":[{"name":"wp","href":"https:\/\/api.w.org\/{rel}","templated":true}]}}