{"id":1011,"date":"2020-02-17T18:47:40","date_gmt":"2020-02-17T18:47:40","guid":{"rendered":"https:\/\/ouraki.com\/mentions-legales\/"},"modified":"2020-05-19T04:13:34","modified_gmt":"2020-05-19T03:13:34","slug":"notas-legales","status":"publish","type":"page","link":"https:\/\/ouraki.com\/es\/notas-legales\/","title":{"rendered":"Notas legales"},"content":{"rendered":"<p>[vc_row][vc_column][vc_column_text]<\/p>\n<h2><strong>TERMINOS Y CONDICIONES<\/strong><\/h2>\n<p>[\/vc_column_text][vc_row_inner][vc_column_inner width=\u00bb1\/2&#8243;][vc_column_text el_id=\u00bbml\u00bb]<\/p>\n<h4 style=\"text-align: justify;\">T\u00c9RMINOS Y CONDICIONES<\/h4>\n<p style=\"text-align: justify;\">Todo acceso y\/o uso de la p\u00e1gina web www.ouraki.com implica la aceptaci\u00f3n y el respeto de todos los t\u00e9rminos de las presentes condiciones.<\/p>\n<h4 style=\"text-align: justify;\">LIMITACI\u00d3N DE RESPONSABILIDADES<\/h4>\n<p style=\"text-align: justify;\">La informaci\u00f3n que se ofrece en este sitio es solo para fines informativos. En consecuencia, el uso de la informaci\u00f3n y el contenido disponible en todo el sitio no comprometer\u00e1n en modo alguno la responsabilidad de Ecoteam, sus mandatarios o empleados. El usuario es el \u00fanico responsable del uso adecuado de la informaci\u00f3n puesta a su disposici\u00f3n.<\/p>\n<p style=\"text-align: justify;\">De conformidad con la legislaci\u00f3n vigente, Ecoteam no se considera, en ning\u00fan caso, responsable de cualquier da\u00f1o y\/o perjuicio, directo o indirecto, material o inmaterial, o de cualquier naturaleza, que resulte de la indisponibilidad del Servicio o de cualquier uso del mismo. El t\u00e9rmino \u00abuso\u00bb debe entenderse en un sentido amplio.<\/p>\n<p style=\"text-align: justify;\">El usuario se compromete, de manera general, a cumplir con todos los reglamentos vigentes en Marruecos.<\/p>\n<p>[\/vc_column_text][\/vc_column_inner][vc_column_inner width=\u00bb1\/2&#8243;][vc_column_text]<\/p>\n<h4 style=\"text-align: justify;\"><strong>PROTECCI\u00d3N DE LA PRIVACIDAD<\/strong><\/h4>\n<p style=\"text-align: justify;\">Ecoteam trata sus datos personales de acuerdo con su \u00abcarta de privacidad\u00bb que respeta las disposiciones de la Ley 09-08 y sus textos de aplicaci\u00f3n.<\/p>\n<h4 style=\"text-align: justify;\"><strong>DERECHOS DE PROPIEDAD INTELECTUAL<\/strong><\/h4>\n<p style=\"text-align: justify;\">El contenido de este sitio es propiedad exclusiva de Ecoteam.<\/p>\n<h4 style=\"text-align: justify;\"><strong>EVOLUCI\u00d3N DEL PRESENTE CONTRATO<\/strong><\/h4>\n<p style=\"text-align: justify;\">Ecoteam se reserva el derecho a modificar los t\u00e9rminos, condiciones y avisos de este contrato en cualquier momento.<\/p>\n<p style=\"text-align: justify;\">Por consiguiente, se aconseja al usuario que consulte peri\u00f3dicamente la \u00faltima versi\u00f3n de las condiciones de uso que figuran en el sitio web <a style=\"color: #084850;\" href=\"http:\/\/www.ouraki.com\">www.ouraki.com<\/a><\/p>\n<h4 style=\"text-align: justify;\"><strong>DURACI\u00d3N RESCISI<\/strong><strong>\u00d3<\/strong><strong>N <\/strong><\/h4>\n<p style=\"text-align: justify;\">Este contrato se celebra por un per\u00edodo indefinido a partir de la utilizaci\u00f3n del Servicio por el usuario.<\/p>\n<p>[\/vc_column_text][\/vc_column_inner][vc_column_inner][vc_column_text]<\/p>\n<h2><strong>POL\u00cdTICA DE PRIVACIDAD <\/strong><\/h2>\n<p>[\/vc_column_text][\/vc_column_inner][\/vc_row_inner][vc_row_inner][vc_column_inner width=\u00bb1\/2&#8243;][vc_column_text]<\/p>\n<h4 style=\"text-align: justify;\"><strong>DATOS PERSONALES<\/strong><\/h4>\n<p style=\"text-align: justify;\">En relaci\u00f3n con el respeto a la privacidad, Ecoteam se compromete a garantizar que la recopilaci\u00f3n y el tratamiento de los datos personales se lleven a cabo de conformidad con la Ley 09-08, de 18 de febrero de 2009, relativa a la protecci\u00f3n de las personas f\u00edsicas con respecto al tratamiento de datos personales.<\/p>\n<p style=\"text-align: justify;\">Ninguna informaci\u00f3n personal se recopila sin su conocimiento.<\/p>\n<p style=\"text-align: justify;\">Ninguna informaci\u00f3n personal se transfiere a terceros.<\/p>\n<h4 style=\"text-align: justify;\"><strong>DERECHOS DE ACCESO, RECTIFICACI\u00d3N Y OPOSICI\u00d3N<\/strong><\/h4>\n<p style=\"text-align: justify;\">De conformidad con las disposiciones de la Ley 09-08, Ecoteam garantiza al usuario el derecho de acceso, rectificaci\u00f3n y oposici\u00f3n a la utilizaci\u00f3n de los datos personales que le conciernen.<\/p>\n<p style=\"text-align: justify;\">El usuario podr\u00e1 ejercer este derecho enviando un correo electr\u00f3nico a la siguiente direcci\u00f3n: contact@ouraki.com.<\/p>\n<p style=\"text-align: justify;\">El tratamiento de este sitio ha sido declarado al CNDP bajo el n\u00b0A-GC-152\/014 del 3\/10\/2014.<\/p>\n<p>[\/vc_column_text][\/vc_column_inner][vc_column_inner width=\u00bb1\/2&#8243;][vc_column_text el_id=\u00bbcgu\u00bb]<\/p>\n<h4 style=\"text-align: justify;\"><strong>POL\u00cdTICA DE COOKIES<\/strong><\/h4>\n<p style=\"text-align: justify;\">Para la mejora de sus servicios, se podr\u00e1n colocar cookies en el ordenador del usuario para generar estad\u00edsticas sobre el uso del sitio web de Ecoteam (p\u00e1ginas m\u00e1s visitadas, frecuencia de acceso al sitio web, etc.).<\/p>\n<p style=\"text-align: justify;\">Las estad\u00edsticas generadas por medio de estas cookies se mantienen por un per\u00edodo de dos a\u00f1os.<\/p>\n<h4 style=\"text-align: justify;\"><strong>FORMULARIO<\/strong><strong> DE CONTACTO<\/strong><\/h4>\n<p style=\"text-align: justify;\">Los datos personales comunicados al CNDP a trav\u00e9s de los distintos formularios de contacto se utilizan \u00fanicamente para responder a las solicitudes del usuario.<\/p>\n<p style=\"text-align: justify;\">Dichos datos no ser\u00e1n cedidos o comunicados a terceros, salvo en los servicios competentes del CNDP y se conservan durante el tiempo necesario para tramitar las solicitudes<strong>.<\/strong><\/p>\n<h4 style=\"text-align: justify;\"><strong>CURR\u00cdCULUMS<\/strong><\/h4>\n<p style=\"text-align: justify;\">Los curr\u00edculos enviados a Ecoteam son utilizados exclusivamente por el Departamento de Recursos Humanos para fines de contrataci\u00f3n. Se mantienen por un per\u00edodo no superior a tres a\u00f1os.<\/p>\n<p>[\/vc_column_text][\/vc_column_inner][\/vc_row_inner][vc_column_text]<\/p>\n<h2><strong>AVISO LEGAL <\/strong><\/h2>\n<p>[\/vc_column_text][vc_row_inner][vc_column_inner width=\u00bb1\/2&#8243;][vc_column_text el_id=\u00bbcvp\u00bb]<\/p>\n<p style=\"text-align: justify;\">La p\u00e1gina web Ouraki es propiedad de ECOTEAM, una sociedad de responsabilidad limitada con un capital de 100.000 MAD.<\/p>\n<p style=\"text-align: justify;\">La p\u00e1gina web Ouraki es propiedad de ECOTEAM, una sociedad de responsabilidad limitada con un capital de 100.000 MAD.<\/p>\n<h4 style=\"text-align: justify;\"><strong>DATOS IDENTIFICATIVOS<\/strong><\/h4>\n<ul style=\"text-align: justify;\">\n<li><strong>Nombre de la entidad:<\/strong> Ecoteam SARL<\/li>\n<li><strong>Domicilio:<\/strong> Espace Paquet, esquina calle Pierre Parent &amp; Mohamed Smiha<br \/>\n2\u00ba planta n\u00b0213 &#8211; Casablanca 20110 \u2013 MARRUECOS<\/li>\n<li><strong>RM:<\/strong> 158585<\/li>\n<li><strong>CIF:<\/strong> 3332562<\/li>\n<li><strong>Patente:<\/strong> 32375049<\/li>\n<li><strong>SS:<\/strong> 6143424<\/li>\n<\/ul>\n<h4 style=\"text-align: justify;\"><strong>APODERADO<\/strong><strong> GENERAL<\/strong><\/h4>\n<p style=\"text-align: justify;\">Sr. Abdelaali TAHOUR- Gerente<\/p>\n<p style=\"text-align: justify;\">Responsable del sitio y del procesamiento de datos: Sr. Abdelaali TAHOUR<\/p>\n<p>[\/vc_column_text][\/vc_column_inner][vc_column_inner width=\u00bb1\/2&#8243;][vc_column_text]<\/p>\n<h4 style=\"text-align: justify;\"><strong>CONTACTO<\/strong><\/h4>\n<p style=\"text-align: justify;\">Para cualquier informaci\u00f3n adicional, p\u00f3ngase en contacto con el Sr. Abdelaali TAHOUR a trav\u00e9s de:<\/p>\n<ul style=\"text-align: justify;\">\n<li><strong>Tel:<\/strong> +212 &#8211; (0)5-37263393<\/li>\n<li><strong>Correo electr\u00f3nico:<\/strong> <a style=\"color: #084850;\" href=\"mailto:contact@ouraki.com\">contact@ouraki.com<\/a><\/li>\n<\/ul>\n<h4 style=\"text-align: justify;\"><strong>REPRODUCCI\u00d3N Y\/O EXPLOTACI\u00d3N DE LOS CONTENIDOS DE OURAKI.COM<\/strong><\/h4>\n<p style=\"text-align: justify;\">Est\u00e1 prohibida cualquier forma de reproducci\u00f3n y \/ o acto de explotaci\u00f3n de la totalidad o parte de los contenidos que integran la p\u00e1gina que no cuente con la expresa y previa autorizaci\u00f3n escrita de Ecoteam SARL.<\/p>\n<p>[\/vc_column_text][\/vc_column_inner][\/vc_row_inner][\/vc_column][\/vc_row]<\/p>\n","protected":false},"excerpt":{"rendered":"<p>[vc_row][vc_column][vc_column_text] TERMINOS Y CONDICIONES [\/vc_column_text][vc_row_inner][vc_column_inner width=\u00bb1\/2&#8243;][vc_column_text el_id=\u00bbml\u00bb] T\u00c9RMINOS Y CONDICIONES Todo acceso y\/o uso de la p\u00e1gina web www.ouraki.com implica la aceptaci\u00f3n y el respeto de todos los t\u00e9rminos de las presentes condiciones. LIMITACI\u00d3N DE RESPONSABILIDADES La informaci\u00f3n que se ofrece en este sitio es solo para fines informativos. En consecuencia, el uso de la [&hellip;]<\/p>\n","protected":false},"author":6,"featured_media":0,"parent":0,"menu_order":0,"comment_status":"closed","ping_status":"open","template":"","meta":[],"yoast_head":"<!-- This site is optimized with the Yoast SEO plugin v20.4 - https:\/\/yoast.com\/wordpress\/plugins\/seo\/ -->\n<title>Notas legales - Ouraki<\/title>\n<meta name=\"robots\" content=\"index, follow, max-snippet:-1, max-image-preview:large, max-video-preview:-1\" \/>\n<link rel=\"canonical\" href=\"https:\/\/ouraki.com\/es\/notas-legales\/\" \/>\n<meta property=\"og:locale\" content=\"es_ES\" \/>\n<meta property=\"og:type\" content=\"article\" \/>\n<meta property=\"og:title\" content=\"Notas legales - Ouraki\" \/>\n<meta property=\"og:description\" content=\"[vc_row][vc_column][vc_column_text] TERMINOS Y CONDICIONES [\/vc_column_text][vc_row_inner][vc_column_inner width=\u00bb1\/2&#8243;][vc_column_text el_id=\u00bbml\u00bb] T\u00c9RMINOS Y CONDICIONES Todo acceso y\/o uso de la p\u00e1gina web www.ouraki.com implica la aceptaci\u00f3n y el respeto de todos los t\u00e9rminos de las presentes condiciones. LIMITACI\u00d3N DE RESPONSABILIDADES La informaci\u00f3n que se ofrece en este sitio es solo para fines informativos. En consecuencia, el uso de la [&hellip;]\" \/>\n<meta property=\"og:url\" content=\"https:\/\/ouraki.com\/es\/notas-legales\/\" \/>\n<meta property=\"og:site_name\" content=\"Ouraki\" \/>\n<meta property=\"article:modified_time\" content=\"2020-05-19T03:13:34+00:00\" \/>\n<meta name=\"twitter:card\" content=\"summary_large_image\" \/>\n<meta name=\"twitter:label1\" content=\"Tiempo de lectura\" \/>\n\t<meta name=\"twitter:data1\" content=\"5 minutos\" \/>\n<script type=\"application\/ld+json\" class=\"yoast-schema-graph\">{\"@context\":\"https:\/\/schema.org\",\"@graph\":[{\"@type\":\"WebPage\",\"@id\":\"https:\/\/ouraki.com\/es\/notas-legales\/\",\"url\":\"https:\/\/ouraki.com\/es\/notas-legales\/\",\"name\":\"Notas legales - Ouraki\",\"isPartOf\":{\"@id\":\"https:\/\/ouraki.com\/es\/#website\"},\"datePublished\":\"2020-02-17T18:47:40+00:00\",\"dateModified\":\"2020-05-19T03:13:34+00:00\",\"breadcrumb\":{\"@id\":\"https:\/\/ouraki.com\/es\/notas-legales\/#breadcrumb\"},\"inLanguage\":\"es\",\"potentialAction\":[{\"@type\":\"ReadAction\",\"target\":[\"https:\/\/ouraki.com\/es\/notas-legales\/\"]}]},{\"@type\":\"BreadcrumbList\",\"@id\":\"https:\/\/ouraki.com\/es\/notas-legales\/#breadcrumb\",\"itemListElement\":[{\"@type\":\"ListItem\",\"position\":1,\"name\":\"Accueil\",\"item\":\"https:\/\/ouraki.com\/es\/accueil\/\"},{\"@type\":\"ListItem\",\"position\":2,\"name\":\"Notas legales\"}]},{\"@type\":\"WebSite\",\"@id\":\"https:\/\/ouraki.com\/es\/#website\",\"url\":\"https:\/\/ouraki.com\/es\/\",\"name\":\"Ouraki\",\"description\":\"Sus procedimientos administrativos en unos pocos clics!\",\"potentialAction\":[{\"@type\":\"SearchAction\",\"target\":{\"@type\":\"EntryPoint\",\"urlTemplate\":\"https:\/\/ouraki.com\/es\/?s={search_term_string}\"},\"query-input\":\"required name=search_term_string\"}],\"inLanguage\":\"es\"}]}<\/script>\n<!-- \/ Yoast SEO plugin. -->","yoast_head_json":{"title":"Notas legales - Ouraki","robots":{"index":"index","follow":"follow","max-snippet":"max-snippet:-1","max-image-preview":"max-image-preview:large","max-video-preview":"max-video-preview:-1"},"canonical":"https:\/\/ouraki.com\/es\/notas-legales\/","og_locale":"es_ES","og_type":"article","og_title":"Notas legales - Ouraki","og_description":"[vc_row][vc_column][vc_column_text] TERMINOS Y CONDICIONES [\/vc_column_text][vc_row_inner][vc_column_inner width=\u00bb1\/2&#8243;][vc_column_text el_id=\u00bbml\u00bb] T\u00c9RMINOS Y CONDICIONES Todo acceso y\/o uso de la p\u00e1gina web www.ouraki.com implica la aceptaci\u00f3n y el respeto de todos los t\u00e9rminos de las presentes condiciones. LIMITACI\u00d3N DE RESPONSABILIDADES La informaci\u00f3n que se ofrece en este sitio es solo para fines informativos. En consecuencia, el uso de la [&hellip;]","og_url":"https:\/\/ouraki.com\/es\/notas-legales\/","og_site_name":"Ouraki","article_modified_time":"2020-05-19T03:13:34+00:00","twitter_card":"summary_large_image","twitter_misc":{"Tiempo de lectura":"5 minutos"},"schema":{"@context":"https:\/\/schema.org","@graph":[{"@type":"WebPage","@id":"https:\/\/ouraki.com\/es\/notas-legales\/","url":"https:\/\/ouraki.com\/es\/notas-legales\/","name":"Notas legales - Ouraki","isPartOf":{"@id":"https:\/\/ouraki.com\/es\/#website"},"datePublished":"2020-02-17T18:47:40+00:00","dateModified":"2020-05-19T03:13:34+00:00","breadcrumb":{"@id":"https:\/\/ouraki.com\/es\/notas-legales\/#breadcrumb"},"inLanguage":"es","potentialAction":[{"@type":"ReadAction","target":["https:\/\/ouraki.com\/es\/notas-legales\/"]}]},{"@type":"BreadcrumbList","@id":"https:\/\/ouraki.com\/es\/notas-legales\/#breadcrumb","itemListElement":[{"@type":"ListItem","position":1,"name":"Accueil","item":"https:\/\/ouraki.com\/es\/accueil\/"},{"@type":"ListItem","position":2,"name":"Notas legales"}]},{"@type":"WebSite","@id":"https:\/\/ouraki.com\/es\/#website","url":"https:\/\/ouraki.com\/es\/","name":"Ouraki","description":"Sus procedimientos administrativos en unos pocos clics!","potentialAction":[{"@type":"SearchAction","target":{"@type":"EntryPoint","urlTemplate":"https:\/\/ouraki.com\/es\/?s={search_term_string}"},"query-input":"required name=search_term_string"}],"inLanguage":"es"}]}},"_links":{"self":[{"href":"https:\/\/ouraki.com\/es\/wp-json\/wp\/v2\/pages\/1011"}],"collection":[{"href":"https:\/\/ouraki.com\/es\/wp-json\/wp\/v2\/pages"}],"about":[{"href":"https:\/\/ouraki.com\/es\/wp-json\/wp\/v2\/types\/page"}],"author":[{"embeddable":true,"href":"https:\/\/ouraki.com\/es\/wp-json\/wp\/v2\/users\/6"}],"replies":[{"embeddable":true,"href":"https:\/\/ouraki.com\/es\/wp-json\/wp\/v2\/comments?post=1011"}],"version-history":[{"count":0,"href":"https:\/\/ouraki.com\/es\/wp-json\/wp\/v2\/pages\/1011\/revisions"}],"wp:attachment":[{"href":"https:\/\/ouraki.com\/es\/wp-json\/wp\/v2\/media?parent=1011"}],"curies":[{"name":"wp","href":"https:\/\/api.w.org\/{rel}","templated":true}]}}